{"id":117,"date":"2024-10-02T06:54:08","date_gmt":"2024-10-02T06:54:08","guid":{"rendered":"https:\/\/posgrado.fcjyp.umss.edu.bo\/?page_id=117"},"modified":"2024-10-02T07:30:14","modified_gmt":"2024-10-02T07:30:14","slug":"maestrias","status":"publish","type":"page","link":"https:\/\/posgrado.fcjyp.umss.edu.bo\/index.php\/maestrias\/","title":{"rendered":"Maestrias"},"content":{"rendered":"\t\t<div data-elementor-type=\"wp-page\" data-elementor-id=\"117\" class=\"elementor elementor-117\">\n\t\t\t\t<div class=\"elementor-element elementor-element-f386e3b e-flex e-con-boxed e-con e-parent\" data-id=\"f386e3b\" data-element_type=\"container\">\n\t\t\t\t\t<div class=\"e-con-inner\">\n\t\t\t\t<div class=\"elementor-element elementor-element-5fba6c7 elementor-widget elementor-widget-learnpress_list_courses\" data-id=\"5fba6c7\" data-element_type=\"widget\" data-widget_type=\"learnpress_list_courses.default\">\n\t\t\t\t<div class=\"elementor-widget-container\">\n\t\t\t\t\t\t\t\t<div class=\"lp-archive-courses\">\n\t\t\t\t<ul class=\"learn-press-courses lp-list-courses-no-css\" data-layout=\"grid\"\n\t\t\t\t\tdata-size=\"10\">\n\t\t\t\t\t<li class=\"course\"><div class=\"course-item\" data-id=\"720\"><div class=\"course-thumbnail\"><a href=\"https:\/\/posgrado.fcjyp.umss.edu.bo\/index.php\/\/courses-2\/maestriascat\/720\/\"><div class=\"course-img\"><img decoding=\"async\" src=\"http:\/\/posgrado.fcjyp.umss.edu.bo\/wp-content\/uploads\/2026\/04\/9-500x300.png\" alt=\"Miniatura del curso\"><\/div><\/a><\/div><div class=\"course-content\"><h3 class=\"wap-course-title\"><a class=\"course-permalink\" href=\"https:\/\/posgrado.fcjyp.umss.edu.bo\/index.php\/\/courses-2\/maestriascat\/720\/\"><span class='course-title'>Maestr\u00eda Derecho Penal y Procesal Penal 3ra. Versi\u00f3n<\/span><\/a><\/h3><div class=\"course-instructor-category\"><div><label>por<\/label> <div class=\"course-instructor\"><a href=\"https:\/\/posgrado.fcjyp.umss.edu.bo\/index.php\/instructor\/mtaborga\/\"  > <span class=\"instructor-display-name\">Posgrado FCJyP<\/span><\/a><\/div><\/div><div><label>en<\/label> <div class=\"course-categories\"><a href=\"https:\/\/posgrado.fcjyp.umss.edu.bo\/index.php\/course-category\/maestriascat\/\" >Maestrias<\/a><\/div><\/div><\/div><div class=\"course-wrap-meta\"><div class=\"meta-item meta-item-duration\"><span class=\"course-duration\">13 semana<\/span><\/div><div class=\"meta-item meta-item-level\"><span class=\"course-level\">Todos los niveles<\/span><\/div><div class=\"meta-item meta-item-lesson\"><div class=\"course-count-item lp_lesson\">0 Lecci\u00f3n<\/div><\/div><div class=\"meta-item meta-item-quiz\"><div class=\"course-count-item lp_quiz\">0 Cuestionario<\/div><\/div><div class=\"meta-item meta-item-student\"><div class=\"course-count-student\">0 Estudiante<\/div><\/div><\/div><p class=\"course-short-description\">\u2696\ufe0f Maestr\u00eda en Derecho Penal y Procesal Penal (4\u00aa Versi\u00f3n) Formaci\u00f3n avanzada para dominar litigaci\u00f3n...<\/p><div class=\"course-info\"><span class=\"course-price\"><span class=\"course-item-price\"> <span class=\"price\">Bs.21,120.00<\/span> <\/span><\/span><div class=\"course-readmore\"><a href=\"https:\/\/posgrado.fcjyp.umss.edu.bo\/index.php\/\/courses-2\/maestriascat\/720\/\">Leer m\u00e1s<\/a><\/div><\/div><\/div><\/div><\/li><li class=\"course\"><div class=\"course-item\" data-id=\"754\"><div class=\"course-thumbnail\"><a href=\"https:\/\/posgrado.fcjyp.umss.edu.bo\/index.php\/\/courses-2\/maestriascat\/754\/\"><div class=\"course-img\"><img decoding=\"async\" src=\"http:\/\/posgrado.fcjyp.umss.edu.bo\/wp-content\/uploads\/2026\/04\/8-500x300.png\" alt=\"Miniatura del curso\"><\/div><\/a><\/div><div class=\"course-content\"><h3 class=\"wap-course-title\"><a class=\"course-permalink\" href=\"https:\/\/posgrado.fcjyp.umss.edu.bo\/index.php\/\/courses-2\/maestriascat\/754\/\"><span class='course-title'>Maestr\u00eda en Derecho Constitucional Aplicado a la Gesti\u00f3n P\u00fablica 1\u00aa Versi\u00f3n<\/span><\/a><\/h3><div class=\"course-instructor-category\"><div><label>por<\/label> <div class=\"course-instructor\"><a href=\"https:\/\/posgrado.fcjyp.umss.edu.bo\/index.php\/instructor\/mtaborga\/\"  > <span class=\"instructor-display-name\">Posgrado FCJyP<\/span><\/a><\/div><\/div><div><label>en<\/label> <div class=\"course-categories\"><a href=\"https:\/\/posgrado.fcjyp.umss.edu.bo\/index.php\/course-category\/maestriascat\/\" >Maestrias<\/a><\/div><\/div><\/div><div class=\"course-wrap-meta\"><div class=\"meta-item meta-item-duration\"><span class=\"course-duration\">De por vida<\/span><\/div><div class=\"meta-item meta-item-level\"><span class=\"course-level\">Todos los niveles<\/span><\/div><div class=\"meta-item meta-item-lesson\"><div class=\"course-count-item lp_lesson\">0 Lecci\u00f3n<\/div><\/div><div class=\"meta-item meta-item-quiz\"><div class=\"course-count-item lp_quiz\">0 Cuestionario<\/div><\/div><div class=\"meta-item meta-item-student\"><div class=\"course-count-student\">0 Estudiante<\/div><\/div><\/div><p class=\"course-short-description\">\ud83d\udcdc Maestr\u00eda en Derecho Constitucional Aplicado a la Gesti\u00f3n P\u00fablica (1\u00aa Versi\u00f3n) Facultad de Ciencias...<\/p><div class=\"course-info\"><span class=\"course-price\"><span class=\"course-item-price\"> <span class=\"price\">Bs.21,000.00<\/span> <\/span><\/span><div class=\"course-readmore\"><a href=\"https:\/\/posgrado.fcjyp.umss.edu.bo\/index.php\/\/courses-2\/maestriascat\/754\/\">Leer m\u00e1s<\/a><\/div><\/div><\/div><\/div><\/li><li class=\"course\"><div class=\"course-item\" data-id=\"762\"><div class=\"course-thumbnail\"><a href=\"https:\/\/posgrado.fcjyp.umss.edu.bo\/index.php\/\/courses-2\/maestriascat\/maestria-en-derecho-constitucional-derechos-humanos-y-justicia-constitucional-2a-version\/\"><div class=\"course-img\"><img decoding=\"async\" src=\"http:\/\/posgrado.fcjyp.umss.edu.bo\/wp-content\/uploads\/2026\/04\/10-3-500x300.png\" alt=\"Miniatura del curso\"><\/div><\/a><\/div><div class=\"course-content\"><h3 class=\"wap-course-title\"><a class=\"course-permalink\" href=\"https:\/\/posgrado.fcjyp.umss.edu.bo\/index.php\/\/courses-2\/maestriascat\/maestria-en-derecho-constitucional-derechos-humanos-y-justicia-constitucional-2a-version\/\"><span class='course-title'>Maestr\u00eda en Derecho Constitucional, Derechos Humanos y Justicia Constitucional 2\u00aa Versi\u00f3n<\/span><\/a><\/h3><div class=\"course-instructor-category\"><div><label>por<\/label> <div class=\"course-instructor\"><a href=\"https:\/\/posgrado.fcjyp.umss.edu.bo\/index.php\/instructor\/mtaborga\/\"  > <span class=\"instructor-display-name\">Posgrado FCJyP<\/span><\/a><\/div><\/div><div><label>en<\/label> <div class=\"course-categories\"><a href=\"https:\/\/posgrado.fcjyp.umss.edu.bo\/index.php\/course-category\/maestriascat\/\" >Maestrias<\/a><\/div><\/div><\/div><div class=\"course-wrap-meta\"><div class=\"meta-item meta-item-duration\"><span class=\"course-duration\">De por vida<\/span><\/div><div class=\"meta-item meta-item-level\"><span class=\"course-level\">Todos los niveles<\/span><\/div><div class=\"meta-item meta-item-lesson\"><div class=\"course-count-item lp_lesson\">0 Lecci\u00f3n<\/div><\/div><div class=\"meta-item meta-item-quiz\"><div class=\"course-count-item lp_quiz\">0 Cuestionario<\/div><\/div><div class=\"meta-item meta-item-student\"><div class=\"course-count-student\">0 Estudiante<\/div><\/div><\/div><p class=\"course-short-description\">\ud83d\udcdc Maestr\u00eda en Derecho Constitucional, Derechos Humanos y Justicia Constitucional (2\u00aa Versi\u00f3n) Facultad de Ciencias...<\/p><div class=\"course-info\"><span class=\"course-price\"><span class=\"course-item-price\"> <span class=\"price\">Bs.22,200.00<\/span> <\/span><\/span><div class=\"course-readmore\"><a href=\"https:\/\/posgrado.fcjyp.umss.edu.bo\/index.php\/\/courses-2\/maestriascat\/maestria-en-derecho-constitucional-derechos-humanos-y-justicia-constitucional-2a-version\/\">Leer m\u00e1s<\/a><\/div><\/div><\/div><\/div><\/li><li class=\"course\"><div class=\"course-item\" data-id=\"769\"><div class=\"course-thumbnail\"><a href=\"https:\/\/posgrado.fcjyp.umss.edu.bo\/index.php\/\/courses-2\/maestriascat\/maestria-en-derecho-notarial-3a-version\/\"><div class=\"course-img\"><img decoding=\"async\" src=\"http:\/\/posgrado.fcjyp.umss.edu.bo\/wp-content\/uploads\/2026\/04\/11-1-500x300.png\" alt=\"Miniatura del curso\"><\/div><\/a><\/div><div class=\"course-content\"><h3 class=\"wap-course-title\"><a class=\"course-permalink\" href=\"https:\/\/posgrado.fcjyp.umss.edu.bo\/index.php\/\/courses-2\/maestriascat\/maestria-en-derecho-notarial-3a-version\/\"><span class='course-title'>Maestr\u00eda en Derecho Notarial 3\u00aa Versi\u00f3n<\/span><\/a><\/h3><div class=\"course-instructor-category\"><div><label>por<\/label> <div class=\"course-instructor\"><a href=\"https:\/\/posgrado.fcjyp.umss.edu.bo\/index.php\/instructor\/mtaborga\/\"  > <span class=\"instructor-display-name\">Posgrado FCJyP<\/span><\/a><\/div><\/div><div><label>en<\/label> <div class=\"course-categories\"><a href=\"https:\/\/posgrado.fcjyp.umss.edu.bo\/index.php\/course-category\/maestriascat\/\" >Maestrias<\/a><\/div><\/div><\/div><div class=\"course-wrap-meta\"><div class=\"meta-item meta-item-duration\"><span class=\"course-duration\">De por vida<\/span><\/div><div class=\"meta-item meta-item-level\"><span class=\"course-level\">Todos los niveles<\/span><\/div><div class=\"meta-item meta-item-lesson\"><div class=\"course-count-item lp_lesson\">0 Lecci\u00f3n<\/div><\/div><div class=\"meta-item meta-item-quiz\"><div class=\"course-count-item lp_quiz\">0 Cuestionario<\/div><\/div><div class=\"meta-item meta-item-student\"><div class=\"course-count-student\">0 Estudiante<\/div><\/div><\/div><p class=\"course-short-description\">\ud83d\udcdc Maestr\u00eda en Derecho Notarial (3\u00aa Versi\u00f3n) Facultad de Ciencias Jur\u00eddicas y Pol\u00edticas \u2013 UMSS...<\/p><div class=\"course-info\"><span class=\"course-price\"><span class=\"course-item-price\"> <span class=\"price\">Bs.16,800.00<\/span> <\/span><\/span><div class=\"course-readmore\"><a href=\"https:\/\/posgrado.fcjyp.umss.edu.bo\/index.php\/\/courses-2\/maestriascat\/maestria-en-derecho-notarial-3a-version\/\">Leer m\u00e1s<\/a><\/div><\/div><\/div><\/div><\/li>\t\t\t\t<\/ul>\n\t\t\t<\/div>\n\t\t\t\t\t\t\t<\/div>\n\t\t\t\t<\/div>\n\t\t\t\t\t<\/div>\n\t\t\t\t<\/div>\n\t\t\t\t<\/div>\n\t\t","protected":false},"excerpt":{"rendered":"<p>Maestrias itelMaestr\u00eda en Ciencias Penales y Forenses10 WeeksTodos los niveles2 Lecci\u00f3n0 Cuestionario10 EstudianteBs.21,000.00Read more Maestrias itelMaestr\u00eda en Ciencias Penales y Forenses80 WeeksIntermedio0 Lecci\u00f3n0 Cuestionario10 EstudianteBs.22,000.00Read more Maestrias itelMaestr\u00eda en Derecho Civil v810 WeeksTodos los niveles0 Lecci\u00f3n0 Cuestionario15 EstudianteBs.21,580.00Read more<\/p>\n","protected":false},"author":1,"featured_media":0,"parent":0,"menu_order":0,"comment_status":"closed","ping_status":"closed","template":"elementor_theme","meta":{"footnotes":""},"class_list":["post-117","page","type-page","status-publish","hentry"],"_links":{"self":[{"href":"https:\/\/posgrado.fcjyp.umss.edu.bo\/index.php\/wp-json\/wp\/v2\/pages\/117","targetHints":{"allow":["GET"]}}],"collection":[{"href":"https:\/\/posgrado.fcjyp.umss.edu.bo\/index.php\/wp-json\/wp\/v2\/pages"}],"about":[{"href":"https:\/\/posgrado.fcjyp.umss.edu.bo\/index.php\/wp-json\/wp\/v2\/types\/page"}],"author":[{"embeddable":true,"href":"https:\/\/posgrado.fcjyp.umss.edu.bo\/index.php\/wp-json\/wp\/v2\/users\/1"}],"replies":[{"embeddable":true,"href":"https:\/\/posgrado.fcjyp.umss.edu.bo\/index.php\/wp-json\/wp\/v2\/comments?post=117"}],"version-history":[{"count":11,"href":"https:\/\/posgrado.fcjyp.umss.edu.bo\/index.php\/wp-json\/wp\/v2\/pages\/117\/revisions"}],"predecessor-version":[{"id":135,"href":"https:\/\/posgrado.fcjyp.umss.edu.bo\/index.php\/wp-json\/wp\/v2\/pages\/117\/revisions\/135"}],"wp:attachment":[{"href":"https:\/\/posgrado.fcjyp.umss.edu.bo\/index.php\/wp-json\/wp\/v2\/media?parent=117"}],"curies":[{"name":"wp","href":"https:\/\/api.w.org\/{rel}","templated":true}]}}