{"id":142,"date":"2024-10-07T18:03:57","date_gmt":"2024-10-07T18:03:57","guid":{"rendered":"https:\/\/posgrado.fcjyp.umss.edu.bo\/?page_id=142"},"modified":"2024-10-07T18:12:04","modified_gmt":"2024-10-07T18:12:04","slug":"especialidades","status":"publish","type":"page","link":"https:\/\/posgrado.fcjyp.umss.edu.bo\/index.php\/especialidades\/","title":{"rendered":"Especialidades"},"content":{"rendered":"\t\t<div data-elementor-type=\"wp-page\" data-elementor-id=\"142\" class=\"elementor elementor-142\">\n\t\t\t\t<div class=\"elementor-element elementor-element-f386e3b e-flex e-con-boxed e-con e-parent\" data-id=\"f386e3b\" data-element_type=\"container\">\n\t\t\t\t\t<div class=\"e-con-inner\">\n\t\t\t\t<div class=\"elementor-element elementor-element-5fba6c7 elementor-widget elementor-widget-learnpress_list_courses\" data-id=\"5fba6c7\" data-element_type=\"widget\" data-widget_type=\"learnpress_list_courses.default\">\n\t\t\t\t<div class=\"elementor-widget-container\">\n\t\t\t\t\t\t\t\t<div class=\"lp-archive-courses\">\n\t\t\t\t<ul class=\"learn-press-courses lp-list-courses-no-css\" data-layout=\"grid\"\n\t\t\t\t\tdata-size=\"10\">\n\t\t\t\t\t<li class=\"course\"><div class=\"course-item\" data-id=\"359\"><div class=\"course-thumbnail\"><a href=\"https:\/\/posgrado.fcjyp.umss.edu.bo\/index.php\/\/courses-2\/especialidadescat\/especialidad-en-derecho-penal-y-derecho-procesal-penal-y-juzgamiento-con-perspectiva-de-genero-y-derechos-humanos-1a-v\/\"><div class=\"course-img\"><img decoding=\"async\" src=\"http:\/\/posgrado.fcjyp.umss.edu.bo\/wp-content\/uploads\/2024\/10\/12-500x300.png\" alt=\"Miniatura del curso\"><\/div><\/a><\/div><div class=\"course-content\"><h3 class=\"wap-course-title\"><a class=\"course-permalink\" href=\"https:\/\/posgrado.fcjyp.umss.edu.bo\/index.php\/\/courses-2\/especialidadescat\/especialidad-en-derecho-penal-y-derecho-procesal-penal-y-juzgamiento-con-perspectiva-de-genero-y-derechos-humanos-1a-v\/\"><span class='course-title'>Derecho Penal y Derecho Procesal Penal y Juzgamiento con Perspectiva de G\u00e9nero y Derechos Humanos 1a. V.<\/span><\/a><\/h3><div class=\"course-instructor-category\"><div><label>por<\/label> <div class=\"course-instructor\"><a href=\"https:\/\/posgrado.fcjyp.umss.edu.bo\/index.php\/instructor\/mtaborga\/\"  > <span class=\"instructor-display-name\">Posgrado FCJyP<\/span><\/a><\/div><\/div><div><label>en<\/label> <div class=\"course-categories\"><a href=\"https:\/\/posgrado.fcjyp.umss.edu.bo\/index.php\/course-category\/especialidadescat\/\" >Especialidades<\/a><\/div><\/div><\/div><div class=\"course-wrap-meta\"><div class=\"meta-item meta-item-duration\"><span class=\"course-duration\">52 semana<\/span><\/div><div class=\"meta-item meta-item-level\"><span class=\"course-level\">Todos los niveles<\/span><\/div><div class=\"meta-item meta-item-lesson\"><div class=\"course-count-item lp_lesson\">0 Lecci\u00f3n<\/div><\/div><div class=\"meta-item meta-item-quiz\"><div class=\"course-count-item lp_quiz\">0 Cuestionario<\/div><\/div><div class=\"meta-item meta-item-student\"><div class=\"course-count-student\">0 Estudiante<\/div><\/div><\/div><p class=\"course-short-description\">\u00a1Especial\u00edzate en Derecho Penal con Enfoque de G\u00e9nero y Derechos Humanos! \u00bfQuieres ser parte de...<\/p><div class=\"course-info\"><span class=\"course-price\"><span class=\"course-item-price\"> <span class=\"price\">Bs.11,000.00<\/span> <\/span><\/span><div class=\"course-readmore\"><a href=\"https:\/\/posgrado.fcjyp.umss.edu.bo\/index.php\/\/courses-2\/especialidadescat\/especialidad-en-derecho-penal-y-derecho-procesal-penal-y-juzgamiento-con-perspectiva-de-genero-y-derechos-humanos-1a-v\/\">Leer m\u00e1s<\/a><\/div><\/div><\/div><\/div><\/li><li class=\"course\"><div class=\"course-item\" data-id=\"355\"><div class=\"course-thumbnail\"><a href=\"https:\/\/posgrado.fcjyp.umss.edu.bo\/index.php\/\/courses-2\/especialidadescat\/derecho-penal-y-su-procedimiento-6a-v\/\"><div class=\"course-img\"><img decoding=\"async\" src=\"http:\/\/posgrado.fcjyp.umss.edu.bo\/wp-content\/uploads\/2024\/10\/11.png\" alt=\"Miniatura del curso\"><\/div><\/a><\/div><div class=\"course-content\"><h3 class=\"wap-course-title\"><a class=\"course-permalink\" href=\"https:\/\/posgrado.fcjyp.umss.edu.bo\/index.php\/\/courses-2\/especialidadescat\/derecho-penal-y-su-procedimiento-6a-v\/\"><span class='course-title'>Derecho Penal y su Procedimiento 6a. V.<\/span><\/a><\/h3><div class=\"course-instructor-category\"><div><label>por<\/label> <div class=\"course-instructor\"><a href=\"https:\/\/posgrado.fcjyp.umss.edu.bo\/index.php\/instructor\/mtaborga\/\"  > <span class=\"instructor-display-name\">Posgrado FCJyP<\/span><\/a><\/div><\/div><div><label>en<\/label> <div class=\"course-categories\"><a href=\"https:\/\/posgrado.fcjyp.umss.edu.bo\/index.php\/course-category\/especialidadescat\/\" >Especialidades<\/a><\/div><\/div><\/div><div class=\"course-wrap-meta\"><div class=\"meta-item meta-item-duration\"><span class=\"course-duration\">52 semana<\/span><\/div><div class=\"meta-item meta-item-level\"><span class=\"course-level\">Todos los niveles<\/span><\/div><div class=\"meta-item meta-item-lesson\"><div class=\"course-count-item lp_lesson\">0 Lecci\u00f3n<\/div><\/div><div class=\"meta-item meta-item-quiz\"><div class=\"course-count-item lp_quiz\">0 Cuestionario<\/div><\/div><div class=\"meta-item meta-item-student\"><div class=\"course-count-student\">0 Estudiante<\/div><\/div><\/div><p class=\"course-short-description\">\u00a1Especial\u00edzate en Derecho Penal y convi\u00e9rtete en un experto en justicia criminal! \u00bfQuieres dominar los...<\/p><div class=\"course-info\"><span class=\"course-price\"><span class=\"course-item-price\"> <span class=\"price\">Bs.11,000.00<\/span> <\/span><\/span><div class=\"course-readmore\"><a href=\"https:\/\/posgrado.fcjyp.umss.edu.bo\/index.php\/\/courses-2\/especialidadescat\/derecho-penal-y-su-procedimiento-6a-v\/\">Leer m\u00e1s<\/a><\/div><\/div><\/div><\/div><\/li><li class=\"course\"><div class=\"course-item\" data-id=\"749\"><div class=\"course-thumbnail\"><a href=\"https:\/\/posgrado.fcjyp.umss.edu.bo\/index.php\/\/courses-2\/especialidadescat\/especialidad-en-derecho-notarial-2a-version\/\"><div class=\"course-img\"><img decoding=\"async\" src=\"http:\/\/posgrado.fcjyp.umss.edu.bo\/wp-content\/uploads\/2026\/04\/6-1-500x300.png\" alt=\"Miniatura del curso\"><\/div><\/a><\/div><div class=\"course-content\"><h3 class=\"wap-course-title\"><a class=\"course-permalink\" href=\"https:\/\/posgrado.fcjyp.umss.edu.bo\/index.php\/\/courses-2\/especialidadescat\/especialidad-en-derecho-notarial-2a-version\/\"><span class='course-title'>Especialidad en Derecho Notarial 2\u00aa Versi\u00f3n<\/span><\/a><\/h3><div class=\"course-instructor-category\"><div><label>por<\/label> <div class=\"course-instructor\"><a href=\"https:\/\/posgrado.fcjyp.umss.edu.bo\/index.php\/instructor\/mtaborga\/\"  > <span class=\"instructor-display-name\">Posgrado FCJyP<\/span><\/a><\/div><\/div><div><label>en<\/label> <div class=\"course-categories\"><a href=\"https:\/\/posgrado.fcjyp.umss.edu.bo\/index.php\/course-category\/especialidadescat\/\" >Especialidades<\/a><\/div><\/div><\/div><div class=\"course-wrap-meta\"><div class=\"meta-item meta-item-duration\"><span class=\"course-duration\">De por vida<\/span><\/div><div class=\"meta-item meta-item-level\"><span class=\"course-level\">Todos los niveles<\/span><\/div><div class=\"meta-item meta-item-lesson\"><div class=\"course-count-item lp_lesson\">0 Lecci\u00f3n<\/div><\/div><div class=\"meta-item meta-item-quiz\"><div class=\"course-count-item lp_quiz\">0 Cuestionario<\/div><\/div><div class=\"meta-item meta-item-student\"><div class=\"course-count-student\">0 Estudiante<\/div><\/div><\/div><p class=\"course-short-description\">\ud83d\udcdc Especialidad en Derecho Notarial (2\u00aa Versi\u00f3n) Facultad de Ciencias Jur\u00eddicas y Pol\u00edticas \u2013 UMSS...<\/p><div class=\"course-info\"><span class=\"course-price\"><span class=\"course-item-price\"> <span class=\"price\">Bs.11,000.00<\/span> <\/span><\/span><div class=\"course-readmore\"><a href=\"https:\/\/posgrado.fcjyp.umss.edu.bo\/index.php\/\/courses-2\/especialidadescat\/especialidad-en-derecho-notarial-2a-version\/\">Leer m\u00e1s<\/a><\/div><\/div><\/div><\/div><\/li>\t\t\t\t<\/ul>\n\t\t\t<\/div>\n\t\t\t\t\t\t\t<\/div>\n\t\t\t\t<\/div>\n\t\t\t\t\t<\/div>\n\t\t\t\t<\/div>\n\t\t\t\t<\/div>\n\t\t","protected":false},"excerpt":{"rendered":"<p>Especialidades itelEspecialidad en Derecho Penal y su procedimiento80 WeeksIntermedio0 Lecci\u00f3n0 Cuestionario10 EstudianteGratuitoRead more<\/p>\n","protected":false},"author":1,"featured_media":0,"parent":0,"menu_order":0,"comment_status":"closed","ping_status":"closed","template":"elementor_theme","meta":{"footnotes":""},"class_list":["post-142","page","type-page","status-publish","hentry"],"_links":{"self":[{"href":"https:\/\/posgrado.fcjyp.umss.edu.bo\/index.php\/wp-json\/wp\/v2\/pages\/142","targetHints":{"allow":["GET"]}}],"collection":[{"href":"https:\/\/posgrado.fcjyp.umss.edu.bo\/index.php\/wp-json\/wp\/v2\/pages"}],"about":[{"href":"https:\/\/posgrado.fcjyp.umss.edu.bo\/index.php\/wp-json\/wp\/v2\/types\/page"}],"author":[{"embeddable":true,"href":"https:\/\/posgrado.fcjyp.umss.edu.bo\/index.php\/wp-json\/wp\/v2\/users\/1"}],"replies":[{"embeddable":true,"href":"https:\/\/posgrado.fcjyp.umss.edu.bo\/index.php\/wp-json\/wp\/v2\/comments?post=142"}],"version-history":[{"count":4,"href":"https:\/\/posgrado.fcjyp.umss.edu.bo\/index.php\/wp-json\/wp\/v2\/pages\/142\/revisions"}],"predecessor-version":[{"id":156,"href":"https:\/\/posgrado.fcjyp.umss.edu.bo\/index.php\/wp-json\/wp\/v2\/pages\/142\/revisions\/156"}],"wp:attachment":[{"href":"https:\/\/posgrado.fcjyp.umss.edu.bo\/index.php\/wp-json\/wp\/v2\/media?parent=142"}],"curies":[{"name":"wp","href":"https:\/\/api.w.org\/{rel}","templated":true}]}}