{"id":157,"date":"2024-10-09T15:54:32","date_gmt":"2024-10-09T15:54:32","guid":{"rendered":"https:\/\/posgrado.fcjyp.umss.edu.bo\/?page_id=157"},"modified":"2025-11-27T21:37:07","modified_gmt":"2025-11-27T21:37:07","slug":"otros-sitios","status":"publish","type":"page","link":"https:\/\/posgrado.fcjyp.umss.edu.bo\/index.php\/otros-sitios\/","title":{"rendered":"Otros sitios"},"content":{"rendered":"<p><\/p>\n<p class=\"is-content-justification-center is-nowrap is-layout-flex wp-container-core-group-is-layout-23441af8 wp-block-group-is-layout-flex\"><\/p>\n<p class=\"is-layout-constrained wp-block-group-is-layout-constrained\"><\/p>\n<p><\/p>\n<p><\/p>\n<p class=\"is-layout-constrained wp-container-core-group-is-layout-7b3eb86e wp-block-group-is-layout-constrained\"><\/p>\n<p class=\"is-layout-constrained wp-container-core-group-is-layout-1a6b4b74 wp-block-group-is-layout-constrained\"><\/p>\n<p class=\"is-content-justification-center is-nowrap is-layout-flex wp-container-core-group-is-layout-eff0ac72 wp-block-group-is-layout-flex\"><\/p>\n<p class=\"is-layout-constrained wp-block-group-is-layout-constrained\"><\/p>\n<hr style=\"background-color: #f5812d; color: #f5812d;\" \/>\n<p><\/p>\n<p><\/p>\n<p><\/p>\n<p style=\"color: #f5812d;\">SITIOS QUE DEBES CONOCER<\/p>\n<p><\/p>\n<p><\/p>\n<p><\/p>\n<h2 class=\"wp-block-heading\" style=\"margin-top: 10px; margin-bottom: 20px; font-style: normal; font-weight: 800;\">Porque es importante conocer otros sitios de importancia\u2026<\/h2>\n<p><\/p>\n<p><\/p>\n<p style=\"margin-bottom: 20px;\">El Posgrado de Ciencias Jur\u00eddicas y Pol\u00edticas se relaciona con sitios internos de la Universidad Mayor de San Simon, los cuales tienen gran importancia que nuestros posgraduantes los conozcan.<\/p>\n<p><\/p>\n<p><\/p>\n<p><\/p>\n<p><\/p>\n<p><!-- \/wp:post-content --><\/p>\n<p><!-- wp:separator --><\/p>\n<p><!-- \/wp:separator --><\/p>\n<p><!-- wp:paragraph --><\/p>\n<p><!-- \/wp:paragraph --><\/p>\t\t\n\t\t\t\t\t\t\t\t\t\t<figure>\n\t\t\t\t\t\t\t\t\t\t\t<a href=\"https:\/\/moodle.posgrado.fcjyp.umss.edu.bo\/\">\n\t\t\t\t\t\t\t<img decoding=\"async\" width=\"103\" height=\"100\" src=\"http:\/\/posgrado.fcjyp.umss.edu.bo\/wp-content\/uploads\/2024\/10\/moodleLogo_100.png\" alt=\"\" \/>\t\t\t\t\t\t\t\t<\/a>\n\t\t\t\t\t\t\t\t\t\t\t<figcaption>Moodle<\/figcaption>\n\t\t\t\t\t\t\t\t\t\t<\/figure>\n\t\t<p>Moodle es una <b>plataforma de aprendizaje en l\u00ednea<\/b>, tambi\u00e9n conocida como LMS (Learning Management System), que permite crear y gestionar cursos de manera virtual. Es una herramienta muy popular en el \u00e1mbito educativo universitario<\/p>\t\t\n\t\t\t\t\t\t\t\t\t\t<figure>\n\t\t\t\t\t\t\t\t\t\t\t<a href=\"http:\/\/eupg.umss.edu.bo\/eupg\/\">\n\t\t\t\t\t\t\t<img decoding=\"async\" width=\"300\" height=\"127\" src=\"http:\/\/posgrado.fcjyp.umss.edu.bo\/wp-content\/uploads\/2024\/11\/image-2-300x127.png\" alt=\"\" srcset=\"https:\/\/posgrado.fcjyp.umss.edu.bo\/wp-content\/uploads\/2024\/11\/image-2-300x127.png 300w, https:\/\/posgrado.fcjyp.umss.edu.bo\/wp-content\/uploads\/2024\/11\/image-2-1024x434.png 1024w, https:\/\/posgrado.fcjyp.umss.edu.bo\/wp-content\/uploads\/2024\/11\/image-2-768x325.png 768w, https:\/\/posgrado.fcjyp.umss.edu.bo\/wp-content\/uploads\/2024\/11\/image-2-570x241.png 570w, https:\/\/posgrado.fcjyp.umss.edu.bo\/wp-content\/uploads\/2024\/11\/image-2-270x114.png 270w, https:\/\/posgrado.fcjyp.umss.edu.bo\/wp-content\/uploads\/2024\/11\/image-2.png 1228w\" sizes=\"(max-width: 300px) 100vw, 300px\" \/>\t\t\t\t\t\t\t\t<\/a>\n\t\t\t\t\t\t\t\t\t\t\t<figcaption>Omega UMSS<\/figcaption>\n\t\t\t\t\t\t\t\t\t\t<\/figure>\n\t\t<p>El sistema Omega es una <strong>plataforma digital<\/strong> utilizada principalmente por la Escuela Universitaria de Posgrado (EUPG) de la UMSS. Su funci\u00f3n principal es <strong>gestionar y facilitar diversos procesos acad\u00e9micos y administrativos<\/strong> relacionados con los programas de posgrado de la universidad<\/p>\t\t\n\t\t\t\t\t\t\t\t\t\t<figure>\n\t\t\t\t\t\t\t\t\t\t\t<a href=\"http:\/\/ddigital.umss.edu.bo\/\">\n\t\t\t\t\t\t\t<img decoding=\"async\" width=\"410\" height=\"96\" src=\"http:\/\/posgrado.fcjyp.umss.edu.bo\/wp-content\/uploads\/2024\/11\/ddigital.gif\" alt=\"\" \/>\t\t\t\t\t\t\t\t<\/a>\n\t\t\t\t\t\t\t\t\t\t\t<figcaption>DDigital<\/figcaption>\n\t\t\t\t\t\t\t\t\t\t<\/figure>\n\t\t<p>DDigital es un <strong>repositorio digital<\/strong> desarrollado por la Universidad Mayor de San Sim\u00f3n (UMSS) con el objetivo de <strong>centralizar y difundir la producci\u00f3n intelectual de la instituci\u00f3n<\/strong>. Es un espacio virtual donde se almacenan y ponen a disposici\u00f3n de la comunidad acad\u00e9mica y el p\u00fablico en general, una amplia variedad de documentos: Trabajos de grado,\u00a0Art\u00edculos cient\u00edficos,\u00a0Libros y Otros materiales acad\u00e9micos.<\/p>\t\t\n\t\t\t\t\t\t\t\t\t\t<figure>\n\t\t\t\t\t\t\t\t\t\t\t<a href=\"http:\/\/lexi.posgrado.fcjyp.umss.edu.bo\/login\">\n\t\t\t\t\t\t\t<img loading=\"lazy\" decoding=\"async\" width=\"316\" height=\"100\" src=\"http:\/\/posgrado.fcjyp.umss.edu.bo\/wp-content\/uploads\/2024\/10\/lexiLogo_100.png\" alt=\"\" srcset=\"https:\/\/posgrado.fcjyp.umss.edu.bo\/wp-content\/uploads\/2024\/10\/lexiLogo_100.png 316w, https:\/\/posgrado.fcjyp.umss.edu.bo\/wp-content\/uploads\/2024\/10\/lexiLogo_100-300x95.png 300w, https:\/\/posgrado.fcjyp.umss.edu.bo\/wp-content\/uploads\/2024\/10\/lexiLogo_100-270x85.png 270w\" sizes=\"(max-width: 316px) 100vw, 316px\" \/>\t\t\t\t\t\t\t\t<\/a>\n\t\t\t\t\t\t\t\t\t\t\t<figcaption>Lexi<\/figcaption>\n\t\t\t\t\t\t\t\t\t\t<\/figure>\n\t\t<p>Lexi es un sistema que permite a los pos graduantes, conocer cuales son las <strong>credenciales asignadas para la licencia de Microsoft Teams<\/strong>.<\/p>\n<p>NO aplica a pos graduantes de doble titulaci\u00f3n de la UMSS que ya cuentan con su cuenta institucional.<\/p>\t\t\n\t\t\t\t\t\t\t\t\t\t<figure>\n\t\t\t\t\t\t\t\t\t\t\t<a href=\"http:\/\/lexi.posgrado.fcjyp.umss.edu.bo\/login\">\n\t\t\t\t\t\t\t<img loading=\"lazy\" decoding=\"async\" width=\"150\" height=\"150\" src=\"http:\/\/posgrado.fcjyp.umss.edu.bo\/wp-content\/uploads\/2024\/11\/comunidadQR-1-150x150.jpeg\" alt=\"\" \/>\t\t\t\t\t\t\t\t<\/a>\n\t\t\t\t\t\t\t\t\t\t\t<figcaption>Comunidad en Whatsapp<\/figcaption>\n\t\t\t\t\t\t\t\t\t\t<\/figure>\n\t\t<p>La comunidad en Whatsapp es donde nuestros coordinadores van <strong>informando<\/strong> sobre los diferentes programas que se van desarrollando, invitamos a ser parte del mismo para estar enterado de las novedades.<\/p>","protected":false},"excerpt":{"rendered":"<p>SITIOS QUE DEBES CONOCER Porque es importante conocer otros sitios de importancia\u2026 El Posgrado de Ciencias Jur\u00eddicas y Pol\u00edticas se relaciona con sitios internos de la Universidad Mayor de San Simon, los cuales tienen gran importancia que nuestros posgraduantes los conozcan. Moodle&#8230;<\/p>\n","protected":false},"author":1,"featured_media":0,"parent":0,"menu_order":0,"comment_status":"closed","ping_status":"closed","template":"full-width.php","meta":{"footnotes":""},"class_list":["post-157","page","type-page","status-publish","hentry"],"_links":{"self":[{"href":"https:\/\/posgrado.fcjyp.umss.edu.bo\/index.php\/wp-json\/wp\/v2\/pages\/157","targetHints":{"allow":["GET"]}}],"collection":[{"href":"https:\/\/posgrado.fcjyp.umss.edu.bo\/index.php\/wp-json\/wp\/v2\/pages"}],"about":[{"href":"https:\/\/posgrado.fcjyp.umss.edu.bo\/index.php\/wp-json\/wp\/v2\/types\/page"}],"author":[{"embeddable":true,"href":"https:\/\/posgrado.fcjyp.umss.edu.bo\/index.php\/wp-json\/wp\/v2\/users\/1"}],"replies":[{"embeddable":true,"href":"https:\/\/posgrado.fcjyp.umss.edu.bo\/index.php\/wp-json\/wp\/v2\/comments?post=157"}],"version-history":[{"count":28,"href":"https:\/\/posgrado.fcjyp.umss.edu.bo\/index.php\/wp-json\/wp\/v2\/pages\/157\/revisions"}],"predecessor-version":[{"id":677,"href":"https:\/\/posgrado.fcjyp.umss.edu.bo\/index.php\/wp-json\/wp\/v2\/pages\/157\/revisions\/677"}],"wp:attachment":[{"href":"https:\/\/posgrado.fcjyp.umss.edu.bo\/index.php\/wp-json\/wp\/v2\/media?parent=157"}],"curies":[{"name":"wp","href":"https:\/\/api.w.org\/{rel}","templated":true}]}}