{"id":195,"date":"2024-10-09T17:22:40","date_gmt":"2024-10-09T17:22:40","guid":{"rendered":"https:\/\/posgrado.fcjyp.umss.edu.bo\/?page_id=195"},"modified":"2025-10-01T19:09:47","modified_gmt":"2025-10-01T19:09:47","slug":"coordinadores","status":"publish","type":"page","link":"https:\/\/posgrado.fcjyp.umss.edu.bo\/index.php\/coordinadores\/","title":{"rendered":"Coordinadores"},"content":{"rendered":"\t\t<div data-elementor-type=\"wp-page\" data-elementor-id=\"195\" class=\"elementor elementor-195\">\n\t\t\t\t<div class=\"elementor-element elementor-element-c8765f6 e-flex e-con-boxed e-con e-parent\" data-id=\"c8765f6\" data-element_type=\"container\">\n\t\t\t\t\t<div class=\"e-con-inner\">\n\t\t\t\t\t<\/div>\n\t\t\t\t<\/div>\n\t\t<div class=\"elementor-element elementor-element-278f3e2 e-flex e-con-boxed e-con e-parent\" data-id=\"278f3e2\" data-element_type=\"container\">\n\t\t\t\t\t<div class=\"e-con-inner\">\n\t\t\t\t<div class=\"elementor-element elementor-element-b97c0ee e-n-tabs-mobile elementor-widget elementor-widget-n-tabs\" data-id=\"b97c0ee\" data-element_type=\"widget\" data-settings=\"{&quot;horizontal_scroll&quot;:&quot;disable&quot;}\" data-widget_type=\"nested-tabs.default\">\n\t\t\t\t<div class=\"elementor-widget-container\">\n\t\t\t\t\t\t\t<div class=\"e-n-tabs\" data-widget-number=\"194494702\" aria-label=\"Pesta\u00f1as. Abre elementos con Intro o Espacio, ci\u00e9rralos con Escape y navega con las fechas.\">\n\t\t\t<div class=\"e-n-tabs-heading\" role=\"tablist\">\n\t\t\t\t\t<button id=\"e-n-tab-title-1944947021\" class=\"e-n-tab-title\" aria-selected=\"true\" data-tab-index=\"1\" role=\"tab\" tabindex=\"0\" aria-controls=\"e-n-tab-content-1944947021\" style=\"--n-tabs-title-order: 1;\">\n\t\t\t\t\t\t<span class=\"e-n-tab-title-text\">\n\t\t\t\tDerecho Innovativo\t\t\t<\/span>\n\t\t<\/button>\n\t\t\t\t<button id=\"e-n-tab-title-1944947022\" class=\"e-n-tab-title\" aria-selected=\"false\" data-tab-index=\"2\" role=\"tab\" tabindex=\"-1\" aria-controls=\"e-n-tab-content-1944947022\" style=\"--n-tabs-title-order: 2;\">\n\t\t\t\t\t\t<span class=\"e-n-tab-title-text\">\n\t\t\t\tDoble Titulaci\u00f3n\t\t\t<\/span>\n\t\t<\/button>\n\t\t\t\t<button id=\"e-n-tab-title-1944947023\" class=\"e-n-tab-title\" aria-selected=\"false\" data-tab-index=\"3\" role=\"tab\" tabindex=\"-1\" aria-controls=\"e-n-tab-content-1944947023\" style=\"--n-tabs-title-order: 3;\">\n\t\t\t\t\t\t<span class=\"e-n-tab-title-text\">\n\t\t\t\tProgramas en Educaci\u00f3n\t\t\t<\/span>\n\t\t<\/button>\n\t\t\t\t<button id=\"e-n-tab-title-1944947024\" class=\"e-n-tab-title\" aria-selected=\"false\" data-tab-index=\"4\" role=\"tab\" tabindex=\"-1\" aria-controls=\"e-n-tab-content-1944947024\" style=\"--n-tabs-title-order: 4;\">\n\t\t\t\t\t\t<span class=\"e-n-tab-title-text\">\n\t\t\t\tDerecho P\u00fablico\t\t\t<\/span>\n\t\t<\/button>\n\t\t\t\t\t<\/div>\n\t\t\t<div class=\"e-n-tabs-content\">\n\t\t\t\t<div id=\"e-n-tab-content-1944947021\" role=\"tabpanel\" aria-labelledby=\"e-n-tab-title-1944947021\" data-tab-index=\"1\" style=\"--n-tabs-title-order: 1;\" class=\"e-active elementor-element elementor-element-b1d153c e-con-full e-flex e-con e-child\" data-id=\"b1d153c\" data-element_type=\"container\">\n\t\t<div class=\"elementor-element elementor-element-8009f80 e-con-full e-flex e-con e-child\" data-id=\"8009f80\" data-element_type=\"container\">\n\t\t\t\t<\/div>\n\t\t<div class=\"elementor-element elementor-element-72c820e e-con-full e-flex e-con e-child\" data-id=\"72c820e\" data-element_type=\"container\">\n\t\t<div class=\"elementor-element elementor-element-7f96111 e-con-full e-flex e-con e-child\" data-id=\"7f96111\" data-element_type=\"container\">\n\t\t\t\t<div class=\"elementor-element elementor-element-90de323 elementor-widget elementor-widget-text-editor\" data-id=\"90de323\" data-element_type=\"widget\" data-widget_type=\"text-editor.default\">\n\t\t\t\t<div class=\"elementor-widget-container\">\n\t\t\t\t\t\t\t\t\t<p><em><strong>Sobre el Derecho Innovativo:<\/strong><\/em><\/p><p>El Derecho Innovativo abarca las nuevas tendencias legales, que buscan generar un cambio en la forma de estudiar el derecho, de prestar los servicios jur\u00eddicos y sobre todo de la forma en la que se administra la justicia. En ese sentido, aquellos profesionales que escojan dicha \u00e1rea y quieran tener \u00e9xito en el cumplimiento de sus metas profesionales, deben tomar en cuenta tres aristas: las personas, los procesos y la tecnolog\u00eda; es decir, que con referencia al primer aspecto, dichos profesionales ya est\u00e1n tomando la decisi\u00f3n de ejercer la profesi\u00f3n de una forma distinta pero desconocen c\u00f3mo o por d\u00f3nde iniciar, lo que les lleva a los otros dos puntos: los procesos y la tecnolog\u00eda, que ambos, ser\u00e1n planificados y ejecutados por medio de los programas de Posgrado.<\/p><p><em><strong>Mi Perfil Profesional:<\/strong><\/em><\/p><p>\u00a0<\/p>\t\t\t\t\t\t\t\t<\/div>\n\t\t\t\t<\/div>\n\t\t\t\t<\/div>\n\t\t<div class=\"elementor-element elementor-element-5cd418a e-con-full e-flex e-con e-child\" data-id=\"5cd418a\" data-element_type=\"container\">\n\t\t\t\t<div class=\"elementor-element elementor-element-9cc34e0 elementor-widget elementor-widget-text-editor\" data-id=\"9cc34e0\" data-element_type=\"widget\" data-widget_type=\"text-editor.default\">\n\t\t\t\t<div class=\"elementor-widget-container\">\n\t\t\t\t\t\t\t\t\tMi horario de atenci\u00f3n a posgraduantes es:\n<br><span style=\"color: #000000;\">\n<strong>Ma\u00f1anas:<\/strong>\u00a009:00 \u2013 12:30<\/span>\n<br>\n<span style=\"color: #000000;\"><strong>Tardes:<\/strong>\u00a0Previa coordinaci\u00f3n<\/span>\n<br>\n<span style=\"color: #000000;\"><strong>Oficina:<\/strong> 402<\/span>\n\n<br>\n<span style=\"color: #000000;\"><strong>Celular:<\/strong> <a href=\"https:\/\/wa.me\/qr\/FS2IXSMJVMWBL1\">69512921<\/a><\/span>\t\t\t\t\t\t\t\t<\/div>\n\t\t\t\t<\/div>\n\t\t\t\t<\/div>\n\t\t\t\t<\/div>\n\t\t\t\t<\/div>\n\t\t<div id=\"e-n-tab-content-1944947022\" role=\"tabpanel\" aria-labelledby=\"e-n-tab-title-1944947022\" data-tab-index=\"2\" style=\"--n-tabs-title-order: 2;\" class=\" elementor-element elementor-element-140d843 e-con-full e-flex e-con e-child\" data-id=\"140d843\" data-element_type=\"container\">\n\t\t<div class=\"elementor-element elementor-element-6ce2ae3 e-con-full e-flex e-con e-child\" data-id=\"6ce2ae3\" data-element_type=\"container\">\n\t\t\t\t<div class=\"elementor-element elementor-element-158180e elementor-widget elementor-widget-image\" data-id=\"158180e\" data-element_type=\"widget\" data-widget_type=\"image.default\">\n\t\t\t\t<div class=\"elementor-widget-container\">\n\t\t\t\t\t\t\t\t\t\t\t\t<figure class=\"wp-caption\">\n\t\t\t\t\t\t\t\t\t\t\t<a href=\"http:\/\/wa.me\/59176961853\">\n\t\t\t\t\t\t\t<img fetchpriority=\"high\" decoding=\"async\" width=\"447\" height=\"558\" src=\"https:\/\/posgrado.fcjyp.umss.edu.bo\/wp-content\/uploads\/2024\/10\/juanalberto-removebg-preview.png\" class=\"attachment-medium_large size-medium_large wp-image-190\" alt=\"\" srcset=\"https:\/\/posgrado.fcjyp.umss.edu.bo\/wp-content\/uploads\/2024\/10\/juanalberto-removebg-preview.png 447w, https:\/\/posgrado.fcjyp.umss.edu.bo\/wp-content\/uploads\/2024\/10\/juanalberto-removebg-preview-240x300.png 240w, https:\/\/posgrado.fcjyp.umss.edu.bo\/wp-content\/uploads\/2024\/10\/juanalberto-removebg-preview-264x330.png 264w, https:\/\/posgrado.fcjyp.umss.edu.bo\/wp-content\/uploads\/2024\/10\/juanalberto-removebg-preview-144x180.png 144w\" sizes=\"(max-width: 447px) 100vw, 447px\" \/>\t\t\t\t\t\t\t\t<\/a>\n\t\t\t\t\t\t\t\t\t\t\t<figcaption class=\"widget-image-caption wp-caption-text\">Dr. Juan Alberto  Quiroz Maida <\/figcaption>\n\t\t\t\t\t\t\t\t\t\t<\/figure>\n\t\t\t\t\t\t\t\t\t<\/div>\n\t\t\t\t<\/div>\n\t\t\t\t<div class=\"elementor-element elementor-element-94634ee elementor-widget elementor-widget-text-editor\" data-id=\"94634ee\" data-element_type=\"widget\" data-widget_type=\"text-editor.default\">\n\t\t\t\t<div class=\"elementor-widget-container\">\n\t\t\t\t\t\t\t\t\t<p><span style=\"color: #ff6600;\"><em>\u201cLa titulaci\u00f3n de profesionales permite generar la credibilidad y confianza, asi como el acceso a oportunidades laborales\u201d<\/em><\/span><\/p>\t\t\t\t\t\t\t\t<\/div>\n\t\t\t\t<\/div>\n\t\t\t\t<\/div>\n\t\t<div class=\"elementor-element elementor-element-0953349 e-con-full e-flex e-con e-child\" data-id=\"0953349\" data-element_type=\"container\">\n\t\t<div class=\"elementor-element elementor-element-38e4f04 e-con-full e-flex e-con e-child\" data-id=\"38e4f04\" data-element_type=\"container\">\n\t\t\t\t<\/div>\n\t\t<div class=\"elementor-element elementor-element-295662c e-con-full e-flex e-con e-child\" data-id=\"295662c\" data-element_type=\"container\">\n\t\t\t\t<div class=\"elementor-element elementor-element-2853a57 elementor-widget elementor-widget-text-editor\" data-id=\"2853a57\" data-element_type=\"widget\" data-widget_type=\"text-editor.default\">\n\t\t\t\t<div class=\"elementor-widget-container\">\n\t\t\t\t\t\t\t\t\t<p>Mi horario de atenci\u00f3n es:<\/p><p><strong>Ma\u00f1anas:<\/strong><\/p><p><strong>Tardes:<\/strong><\/p>\t\t\t\t\t\t\t\t<\/div>\n\t\t\t\t<\/div>\n\t\t\t\t<\/div>\n\t\t\t\t<\/div>\n\t\t\t\t<\/div>\n\t\t<div id=\"e-n-tab-content-1944947023\" role=\"tabpanel\" aria-labelledby=\"e-n-tab-title-1944947023\" data-tab-index=\"3\" style=\"--n-tabs-title-order: 3;\" class=\" elementor-element elementor-element-02f5034 e-con-full e-flex e-con e-child\" data-id=\"02f5034\" data-element_type=\"container\">\n\t\t<div class=\"elementor-element elementor-element-9122c45 e-con-full e-flex e-con e-child\" data-id=\"9122c45\" data-element_type=\"container\">\n\t\t\t\t<div class=\"elementor-element elementor-element-cf42eca elementor-widget elementor-widget-image\" data-id=\"cf42eca\" data-element_type=\"widget\" data-widget_type=\"image.default\">\n\t\t\t\t<div class=\"elementor-widget-container\">\n\t\t\t\t\t\t\t\t\t\t\t\t<figure class=\"wp-caption\">\n\t\t\t\t\t\t\t\t\t\t<img decoding=\"async\" width=\"300\" height=\"300\" src=\"https:\/\/posgrado.fcjyp.umss.edu.bo\/wp-content\/uploads\/2024\/10\/DrMachicado_560-300x300.png\" class=\"attachment-medium size-medium wp-image-251\" alt=\"\" srcset=\"https:\/\/posgrado.fcjyp.umss.edu.bo\/wp-content\/uploads\/2024\/10\/DrMachicado_560-300x300.png 300w, https:\/\/posgrado.fcjyp.umss.edu.bo\/wp-content\/uploads\/2024\/10\/DrMachicado_560-150x150.png 150w, https:\/\/posgrado.fcjyp.umss.edu.bo\/wp-content\/uploads\/2024\/10\/DrMachicado_560-330x330.png 330w, https:\/\/posgrado.fcjyp.umss.edu.bo\/wp-content\/uploads\/2024\/10\/DrMachicado_560-180x180.png 180w, https:\/\/posgrado.fcjyp.umss.edu.bo\/wp-content\/uploads\/2024\/10\/DrMachicado_560.png 472w\" sizes=\"(max-width: 300px) 100vw, 300px\" \/>\t\t\t\t\t\t\t\t\t\t\t<figcaption class=\"widget-image-caption wp-caption-text\">Mgr. Giovanni Antonio Martin Machicado Romero<\/figcaption>\n\t\t\t\t\t\t\t\t\t\t<\/figure>\n\t\t\t\t\t\t\t\t\t<\/div>\n\t\t\t\t<\/div>\n\t\t\t\t<div class=\"elementor-element elementor-element-91a94cf elementor-widget elementor-widget-text-editor\" data-id=\"91a94cf\" data-element_type=\"widget\" data-widget_type=\"text-editor.default\">\n\t\t\t\t<div class=\"elementor-widget-container\">\n\t\t\t\t\t\t\t\t\t<p><span style=\"color: #ff6600;\"><em>\u201cLos programas de educaci\u00f3n posgradual con un enfoque en neurociencia est\u00e1n dise\u00f1ados para explorar c\u00f3mo el cerebro y el sistema nervioso influyen en el aprendizaje, el comportamiento, y diversas \u00e1reas de la pr\u00e1ctica profesional\u201d<\/em><\/span><\/p>\t\t\t\t\t\t\t\t<\/div>\n\t\t\t\t<\/div>\n\t\t\t\t<\/div>\n\t\t<div class=\"elementor-element elementor-element-782086c e-con-full e-flex e-con e-child\" data-id=\"782086c\" data-element_type=\"container\">\n\t\t<div class=\"elementor-element elementor-element-06887fd e-con-full e-flex e-con e-child\" data-id=\"06887fd\" data-element_type=\"container\">\n\t\t\t\t<div class=\"elementor-element elementor-element-b9d8ec2 elementor-widget elementor-widget-text-editor\" data-id=\"b9d8ec2\" data-element_type=\"widget\" data-widget_type=\"text-editor.default\">\n\t\t\t\t<div class=\"elementor-widget-container\">\n\t\t\t\t\t\t\t\t\t<p>Especialista en programas de Educaci\u00f3n Superior, cuenta con amplia experiencia en la Docencia.<\/p>\t\t\t\t\t\t\t\t<\/div>\n\t\t\t\t<\/div>\n\t\t\t\t<\/div>\n\t\t<div class=\"elementor-element elementor-element-d110615 e-con-full e-flex e-con e-child\" data-id=\"d110615\" data-element_type=\"container\">\n\t\t\t\t<div class=\"elementor-element elementor-element-2625e6b elementor-widget elementor-widget-text-editor\" data-id=\"2625e6b\" data-element_type=\"widget\" data-widget_type=\"text-editor.default\">\n\t\t\t\t<div class=\"elementor-widget-container\">\n\t\t\t\t\t\t\t\t\t<p>Mi horario de atenci\u00f3n es:<\/p>\n<p><strong>Ma\u00f1anas:<\/strong>\u00a0Previa coordinaci\u00f3n<\/p>\n<p><strong>Tardes:<\/strong>\u00a015:00 \u2013 18:00<\/p>\t\t\t\t\t\t\t\t<\/div>\n\t\t\t\t<\/div>\n\t\t\t\t<\/div>\n\t\t\t\t<\/div>\n\t\t\t\t<\/div>\n\t\t<div id=\"e-n-tab-content-1944947024\" role=\"tabpanel\" aria-labelledby=\"e-n-tab-title-1944947024\" data-tab-index=\"4\" style=\"--n-tabs-title-order: 4;\" class=\" elementor-element elementor-element-8f5abd2 e-flex e-con-boxed e-con e-child\" data-id=\"8f5abd2\" data-element_type=\"container\">\n\t\t\t\t\t<div class=\"e-con-inner\">\n\t\t<div class=\"elementor-element elementor-element-efb1009 e-con-full e-flex e-con e-child\" data-id=\"efb1009\" data-element_type=\"container\">\n\t\t\t\t<div class=\"elementor-element elementor-element-7a499fe elementor-widget elementor-widget-text-editor\" data-id=\"7a499fe\" data-element_type=\"widget\" data-widget_type=\"text-editor.default\">\n\t\t\t\t<div class=\"elementor-widget-container\">\n\t\t\t\t\t\t\t\t\t<p><span style=\"color: #ff6600;\"><em>\u201cEl descubrimiento de las nuevas tendencias de conocimiento del Derecho P\u00fablico en una constante en la vida del jurista, que debe enfrentar los retos de los paradigmas legales y sociales, hacia un proyeco de vida que confirme su vocaci\u00f3n de servicio a la sociedad y la justicia\u201d<\/em><\/span><\/p>\t\t\t\t\t\t\t\t<\/div>\n\t\t\t\t<\/div>\n\t\t\t\t<\/div>\n\t\t<div class=\"elementor-element elementor-element-51d2741 e-con-full e-flex e-con e-child\" data-id=\"51d2741\" data-element_type=\"container\">\n\t\t<div class=\"elementor-element elementor-element-1a94af4 e-con-full e-flex e-con e-child\" data-id=\"1a94af4\" data-element_type=\"container\">\n\t\t\t\t<\/div>\n\t\t<div class=\"elementor-element elementor-element-207d3ed e-con-full e-flex e-con e-child\" data-id=\"207d3ed\" data-element_type=\"container\">\n\t\t\t\t<div class=\"elementor-element elementor-element-7cfd310 elementor-widget elementor-widget-text-editor\" data-id=\"7cfd310\" data-element_type=\"widget\" data-widget_type=\"text-editor.default\">\n\t\t\t\t<div class=\"elementor-widget-container\">\n\t\t\t\t\t\t\t\t\t<p>Mi horario de atenci\u00f3n a posgraduantes es:<\/p><p><strong>Ma\u00f1anas:<\/strong>\u00a0<\/p><p><strong>Tardes:\u00a0<\/strong><\/p>\t\t\t\t\t\t\t\t<\/div>\n\t\t\t\t<\/div>\n\t\t\t\t<\/div>\n\t\t\t\t<\/div>\n\t\t\t\t\t<\/div>\n\t\t\t\t<\/div>\n\t\t\t\t\t<\/div>\n\t\t<\/div>\n\t\t\t\t\t\t<\/div>\n\t\t\t\t<\/div>\n\t\t\t\t\t<\/div>\n\t\t\t\t<\/div>\n\t\t<div class=\"elementor-element elementor-element-d82b99e e-flex e-con-boxed e-con e-parent\" data-id=\"d82b99e\" data-element_type=\"container\">\n\t\t\t\t\t<div class=\"e-con-inner\">\n\t\t\t\t\t<\/div>\n\t\t\t\t<\/div>\n\t\t\t\t<\/div>\n\t\t","protected":false},"excerpt":{"rendered":"<p>Derecho Innovativo Doble Titulaci\u00f3n Programas en Educaci\u00f3n Derecho P\u00fablico Sobre el Derecho Innovativo: El Derecho Innovativo abarca las nuevas tendencias legales, que buscan generar un cambio en la forma de estudiar el derecho, de prestar los servicios jur\u00eddicos y sobre todo de&#8230;<\/p>\n","protected":false},"author":1,"featured_media":0,"parent":0,"menu_order":0,"comment_status":"closed","ping_status":"closed","template":"full-width.php","meta":{"footnotes":""},"class_list":["post-195","page","type-page","status-publish","hentry"],"_links":{"self":[{"href":"https:\/\/posgrado.fcjyp.umss.edu.bo\/index.php\/wp-json\/wp\/v2\/pages\/195","targetHints":{"allow":["GET"]}}],"collection":[{"href":"https:\/\/posgrado.fcjyp.umss.edu.bo\/index.php\/wp-json\/wp\/v2\/pages"}],"about":[{"href":"https:\/\/posgrado.fcjyp.umss.edu.bo\/index.php\/wp-json\/wp\/v2\/types\/page"}],"author":[{"embeddable":true,"href":"https:\/\/posgrado.fcjyp.umss.edu.bo\/index.php\/wp-json\/wp\/v2\/users\/1"}],"replies":[{"embeddable":true,"href":"https:\/\/posgrado.fcjyp.umss.edu.bo\/index.php\/wp-json\/wp\/v2\/comments?post=195"}],"version-history":[{"count":91,"href":"https:\/\/posgrado.fcjyp.umss.edu.bo\/index.php\/wp-json\/wp\/v2\/pages\/195\/revisions"}],"predecessor-version":[{"id":629,"href":"https:\/\/posgrado.fcjyp.umss.edu.bo\/index.php\/wp-json\/wp\/v2\/pages\/195\/revisions\/629"}],"wp:attachment":[{"href":"https:\/\/posgrado.fcjyp.umss.edu.bo\/index.php\/wp-json\/wp\/v2\/media?parent=195"}],"curies":[{"name":"wp","href":"https:\/\/api.w.org\/{rel}","templated":true}]}}