{"id":464,"date":"2024-11-20T17:07:02","date_gmt":"2024-11-20T17:07:02","guid":{"rendered":"https:\/\/posgrado.fcjyp.umss.edu.bo\/?page_id=464"},"modified":"2025-11-26T14:40:05","modified_gmt":"2025-11-26T14:40:05","slug":"administrativos","status":"publish","type":"page","link":"https:\/\/posgrado.fcjyp.umss.edu.bo\/index.php\/administrativos\/","title":{"rendered":"Administrativos"},"content":{"rendered":"\t\t<div data-elementor-type=\"wp-page\" data-elementor-id=\"464\" class=\"elementor elementor-464\">\n\t\t\t\t<div class=\"elementor-element elementor-element-b970746 e-flex e-con-boxed e-con e-parent\" data-id=\"b970746\" data-element_type=\"container\">\n\t\t\t\t\t<div class=\"e-con-inner\">\n\t\t<div class=\"elementor-element elementor-element-437e8be e-con-full e-flex e-con e-child\" data-id=\"437e8be\" data-element_type=\"container\">\n\t\t\t\t<div class=\"elementor-element elementor-element-177a663 elementor-widget elementor-widget-image\" data-id=\"177a663\" data-element_type=\"widget\" data-widget_type=\"image.default\">\n\t\t\t\t<div class=\"elementor-widget-container\">\n\t\t\t\t\t\t\t\t\t\t\t\t<figure class=\"wp-caption\">\n\t\t\t\t\t\t\t\t\t\t<img fetchpriority=\"high\" decoding=\"async\" width=\"265\" height=\"300\" src=\"https:\/\/posgrado.fcjyp.umss.edu.bo\/wp-content\/uploads\/2024\/11\/draGricelda_v1-265x300.jpeg\" class=\"attachment-medium size-medium wp-image-466\" alt=\"\" srcset=\"https:\/\/posgrado.fcjyp.umss.edu.bo\/wp-content\/uploads\/2024\/11\/draGricelda_v1-265x300.jpeg 265w, https:\/\/posgrado.fcjyp.umss.edu.bo\/wp-content\/uploads\/2024\/11\/draGricelda_v1-292x330.jpeg 292w, https:\/\/posgrado.fcjyp.umss.edu.bo\/wp-content\/uploads\/2024\/11\/draGricelda_v1-159x180.jpeg 159w, https:\/\/posgrado.fcjyp.umss.edu.bo\/wp-content\/uploads\/2024\/11\/draGricelda_v1.jpeg 530w\" sizes=\"(max-width: 265px) 100vw, 265px\" \/>\t\t\t\t\t\t\t\t\t\t\t<figcaption class=\"widget-image-caption wp-caption-text\">Mgr. Gricelda Rosa Nieva Sotelo (Directora a.i. Posgrado FCJyP)<\/figcaption>\n\t\t\t\t\t\t\t\t\t\t<\/figure>\n\t\t\t\t\t\t\t\t\t<\/div>\n\t\t\t\t<\/div>\n\t\t\t\t<\/div>\n\t\t<div class=\"elementor-element elementor-element-c6fd8e7 e-con-full e-flex e-con e-child\" data-id=\"c6fd8e7\" data-element_type=\"container\">\n\t\t\t\t<div class=\"elementor-element elementor-element-5eb2fcf elementor-widget elementor-widget-image\" data-id=\"5eb2fcf\" data-element_type=\"widget\" data-widget_type=\"image.default\">\n\t\t\t\t<div class=\"elementor-widget-container\">\n\t\t\t\t\t\t\t\t\t\t\t\t<figure class=\"wp-caption\">\n\t\t\t\t\t\t\t\t\t\t<img decoding=\"async\" width=\"495\" height=\"560\" src=\"https:\/\/posgrado.fcjyp.umss.edu.bo\/wp-content\/uploads\/2024\/10\/AdmSilvia.png\" class=\"attachment-medium_large size-medium_large wp-image-96\" alt=\"\" srcset=\"https:\/\/posgrado.fcjyp.umss.edu.bo\/wp-content\/uploads\/2024\/10\/AdmSilvia.png 495w, https:\/\/posgrado.fcjyp.umss.edu.bo\/wp-content\/uploads\/2024\/10\/AdmSilvia-265x300.png 265w\" sizes=\"(max-width: 495px) 100vw, 495px\" \/>\t\t\t\t\t\t\t\t\t\t\t<figcaption class=\"widget-image-caption wp-caption-text\">MSc. Silvia Encinas (Secretaria Acad\u00e9mica)<\/figcaption>\n\t\t\t\t\t\t\t\t\t\t<\/figure>\n\t\t\t\t\t\t\t\t\t<\/div>\n\t\t\t\t<\/div>\n\t\t\t\t<\/div>\n\t\t<div class=\"elementor-element elementor-element-8a8a7a1 e-con-full e-flex e-con e-child\" data-id=\"8a8a7a1\" data-element_type=\"container\">\n\t\t\t\t<div class=\"elementor-element elementor-element-4b8872c elementor-widget elementor-widget-image\" data-id=\"4b8872c\" data-element_type=\"widget\" data-widget_type=\"image.default\">\n\t\t\t\t<div class=\"elementor-widget-container\">\n\t\t\t\t\t\t\t\t\t\t\t\t<figure class=\"wp-caption\">\n\t\t\t\t\t\t\t\t\t\t<img decoding=\"async\" width=\"499\" height=\"560\" src=\"https:\/\/posgrado.fcjyp.umss.edu.bo\/wp-content\/uploads\/2024\/10\/AdmIsabel.png\" class=\"attachment-medium_large size-medium_large wp-image-100\" alt=\"\" srcset=\"https:\/\/posgrado.fcjyp.umss.edu.bo\/wp-content\/uploads\/2024\/10\/AdmIsabel.png 499w, https:\/\/posgrado.fcjyp.umss.edu.bo\/wp-content\/uploads\/2024\/10\/AdmIsabel-267x300.png 267w\" sizes=\"(max-width: 499px) 100vw, 499px\" \/>\t\t\t\t\t\t\t\t\t\t\t<figcaption class=\"widget-image-caption wp-caption-text\">Lic. Isabel Loza (Contabilidad)<\/figcaption>\n\t\t\t\t\t\t\t\t\t\t<\/figure>\n\t\t\t\t\t\t\t\t\t<\/div>\n\t\t\t\t<\/div>\n\t\t\t\t<\/div>\n\t\t<div class=\"elementor-element elementor-element-cdf5b30 e-con-full e-flex e-con e-child\" data-id=\"cdf5b30\" data-element_type=\"container\">\n\t\t\t\t<\/div>\n\t\t\t\t\t<\/div>\n\t\t\t\t<\/div>\n\t\t<div class=\"elementor-element elementor-element-09c9a49 e-flex e-con-boxed e-con e-parent\" data-id=\"09c9a49\" data-element_type=\"container\">\n\t\t\t\t\t<div class=\"e-con-inner\">\n\t\t<div class=\"elementor-element elementor-element-b0408ee e-con-full e-flex e-con e-child\" data-id=\"b0408ee\" data-element_type=\"container\">\n\t\t\t\t<div class=\"elementor-element elementor-element-eab43fd elementor-widget elementor-widget-image\" data-id=\"eab43fd\" data-element_type=\"widget\" data-widget_type=\"image.default\">\n\t\t\t\t<div class=\"elementor-widget-container\">\n\t\t\t\t\t\t\t\t\t\t\t\t<figure class=\"wp-caption\">\n\t\t\t\t\t\t\t\t\t\t<img loading=\"lazy\" decoding=\"async\" width=\"489\" height=\"560\" src=\"https:\/\/posgrado.fcjyp.umss.edu.bo\/wp-content\/uploads\/2024\/10\/AdmAnita.png\" class=\"attachment-medium_large size-medium_large wp-image-99\" alt=\"\" srcset=\"https:\/\/posgrado.fcjyp.umss.edu.bo\/wp-content\/uploads\/2024\/10\/AdmAnita.png 489w, https:\/\/posgrado.fcjyp.umss.edu.bo\/wp-content\/uploads\/2024\/10\/AdmAnita-262x300.png 262w\" sizes=\"(max-width: 489px) 100vw, 489px\" \/>\t\t\t\t\t\t\t\t\t\t\t<figcaption class=\"widget-image-caption wp-caption-text\">T\u00e9c. Sup. Ana Inturias (Secretaria)<\/figcaption>\n\t\t\t\t\t\t\t\t\t\t<\/figure>\n\t\t\t\t\t\t\t\t\t<\/div>\n\t\t\t\t<\/div>\n\t\t\t\t<\/div>\n\t\t<div class=\"elementor-element elementor-element-0d4cb56 e-con-full e-flex e-con e-child\" data-id=\"0d4cb56\" data-element_type=\"container\">\n\t\t\t\t<div class=\"elementor-element elementor-element-f532575 elementor-widget elementor-widget-image\" data-id=\"f532575\" data-element_type=\"widget\" data-widget_type=\"image.default\">\n\t\t\t\t<div class=\"elementor-widget-container\">\n\t\t\t\t\t\t\t\t\t\t\t\t<figure class=\"wp-caption\">\n\t\t\t\t\t\t\t\t\t\t<img loading=\"lazy\" decoding=\"async\" width=\"169\" height=\"300\" src=\"https:\/\/posgrado.fcjyp.umss.edu.bo\/wp-content\/uploads\/2024\/11\/Marcelo-1-169x300.jpeg\" class=\"attachment-medium size-medium wp-image-467\" alt=\"\" srcset=\"https:\/\/posgrado.fcjyp.umss.edu.bo\/wp-content\/uploads\/2024\/11\/Marcelo-1-169x300.jpeg 169w, https:\/\/posgrado.fcjyp.umss.edu.bo\/wp-content\/uploads\/2024\/11\/Marcelo-1-186x330.jpeg 186w, https:\/\/posgrado.fcjyp.umss.edu.bo\/wp-content\/uploads\/2024\/11\/Marcelo-1-101x180.jpeg 101w, https:\/\/posgrado.fcjyp.umss.edu.bo\/wp-content\/uploads\/2024\/11\/Marcelo-1.jpeg 197w\" sizes=\"(max-width: 169px) 100vw, 169px\" \/>\t\t\t\t\t\t\t\t\t\t\t<figcaption class=\"widget-image-caption wp-caption-text\">T\u00e9c. Sup. Marcelo Tarborga (Asistente Administrativo)<\/figcaption>\n\t\t\t\t\t\t\t\t\t\t<\/figure>\n\t\t\t\t\t\t\t\t\t<\/div>\n\t\t\t\t<\/div>\n\t\t\t\t<\/div>\n\t\t<div class=\"elementor-element elementor-element-2e29781 e-con-full e-flex e-con e-child\" data-id=\"2e29781\" data-element_type=\"container\">\n\t\t\t\t<div class=\"elementor-element elementor-element-348734e elementor-widget elementor-widget-image\" data-id=\"348734e\" data-element_type=\"widget\" data-widget_type=\"image.default\">\n\t\t\t\t<div class=\"elementor-widget-container\">\n\t\t\t\t\t\t\t\t\t\t\t\t<figure class=\"wp-caption\">\n\t\t\t\t\t\t\t\t\t\t<img loading=\"lazy\" decoding=\"async\" width=\"300\" height=\"300\" src=\"https:\/\/posgrado.fcjyp.umss.edu.bo\/wp-content\/uploads\/2025\/10\/Black-Gold-and-Yellow-Modern-Portrait-LinkedIn-Profile-Picture-300x300.png\" class=\"attachment-medium size-medium wp-image-637\" alt=\"\" srcset=\"https:\/\/posgrado.fcjyp.umss.edu.bo\/wp-content\/uploads\/2025\/10\/Black-Gold-and-Yellow-Modern-Portrait-LinkedIn-Profile-Picture-300x300.png 300w, https:\/\/posgrado.fcjyp.umss.edu.bo\/wp-content\/uploads\/2025\/10\/Black-Gold-and-Yellow-Modern-Portrait-LinkedIn-Profile-Picture-150x150.png 150w, https:\/\/posgrado.fcjyp.umss.edu.bo\/wp-content\/uploads\/2025\/10\/Black-Gold-and-Yellow-Modern-Portrait-LinkedIn-Profile-Picture-768x768.png 768w, https:\/\/posgrado.fcjyp.umss.edu.bo\/wp-content\/uploads\/2025\/10\/Black-Gold-and-Yellow-Modern-Portrait-LinkedIn-Profile-Picture-330x330.png 330w, https:\/\/posgrado.fcjyp.umss.edu.bo\/wp-content\/uploads\/2025\/10\/Black-Gold-and-Yellow-Modern-Portrait-LinkedIn-Profile-Picture-180x180.png 180w, https:\/\/posgrado.fcjyp.umss.edu.bo\/wp-content\/uploads\/2025\/10\/Black-Gold-and-Yellow-Modern-Portrait-LinkedIn-Profile-Picture.png 800w\" sizes=\"(max-width: 300px) 100vw, 300px\" \/>\t\t\t\t\t\t\t\t\t\t\t<figcaption class=\"widget-image-caption wp-caption-text\">Max Alberto Cervantes M. (Auxiliar Administrativo)\u200b<\/figcaption>\n\t\t\t\t\t\t\t\t\t\t<\/figure>\n\t\t\t\t\t\t\t\t\t<\/div>\n\t\t\t\t<\/div>\n\t\t\t\t<\/div>\n\t\t<div class=\"elementor-element elementor-element-13c5797 e-con-full e-flex e-con e-child\" data-id=\"13c5797\" data-element_type=\"container\">\n\t\t\t\t<div class=\"elementor-element elementor-element-f19b017 elementor-widget elementor-widget-image\" data-id=\"f19b017\" data-element_type=\"widget\" data-widget_type=\"image.default\">\n\t\t\t\t<div class=\"elementor-widget-container\">\n\t\t\t\t\t\t\t\t\t\t\t\t<figure class=\"wp-caption\">\n\t\t\t\t\t\t\t\t\t\t<img loading=\"lazy\" decoding=\"async\" width=\"442\" height=\"500\" src=\"https:\/\/posgrado.fcjyp.umss.edu.bo\/wp-content\/uploads\/2024\/11\/trinidad-1.png\" class=\"attachment-medium_large size-medium_large wp-image-468\" alt=\"\" srcset=\"https:\/\/posgrado.fcjyp.umss.edu.bo\/wp-content\/uploads\/2024\/11\/trinidad-1.png 442w, https:\/\/posgrado.fcjyp.umss.edu.bo\/wp-content\/uploads\/2024\/11\/trinidad-1-265x300.png 265w, https:\/\/posgrado.fcjyp.umss.edu.bo\/wp-content\/uploads\/2024\/11\/trinidad-1-292x330.png 292w, https:\/\/posgrado.fcjyp.umss.edu.bo\/wp-content\/uploads\/2024\/11\/trinidad-1-159x180.png 159w\" sizes=\"(max-width: 442px) 100vw, 442px\" \/>\t\t\t\t\t\t\t\t\t\t\t<figcaption class=\"widget-image-caption wp-caption-text\">Trinidad Mu\u00f1oz Pardo (Auxiliar administrativo)<\/figcaption>\n\t\t\t\t\t\t\t\t\t\t<\/figure>\n\t\t\t\t\t\t\t\t\t<\/div>\n\t\t\t\t<\/div>\n\t\t\t\t<\/div>\n\t\t\t\t\t<\/div>\n\t\t\t\t<\/div>\n\t\t<div class=\"elementor-element elementor-element-1c64842 e-flex e-con-boxed e-con e-parent\" data-id=\"1c64842\" data-element_type=\"container\">\n\t\t\t\t\t<div class=\"e-con-inner\">\n\t\t<div class=\"elementor-element elementor-element-8842189 e-con-full e-flex e-con e-child\" data-id=\"8842189\" data-element_type=\"container\">\n\t\t\t\t<div class=\"elementor-element elementor-element-f5eb84c elementor-widget elementor-widget-image\" data-id=\"f5eb84c\" data-element_type=\"widget\" data-widget_type=\"image.default\">\n\t\t\t\t<div class=\"elementor-widget-container\">\n\t\t\t\t\t\t\t\t\t\t\t\t<figure class=\"wp-caption\">\n\t\t\t\t\t\t\t\t\t\t<img loading=\"lazy\" decoding=\"async\" width=\"640\" height=\"724\" src=\"https:\/\/posgrado.fcjyp.umss.edu.bo\/wp-content\/uploads\/2025\/10\/dabb81a4-4dff-411e-a6dd-4106f4e6f2db.png\" class=\"attachment-large size-large wp-image-630\" alt=\"\" srcset=\"https:\/\/posgrado.fcjyp.umss.edu.bo\/wp-content\/uploads\/2025\/10\/dabb81a4-4dff-411e-a6dd-4106f4e6f2db.png 720w, https:\/\/posgrado.fcjyp.umss.edu.bo\/wp-content\/uploads\/2025\/10\/dabb81a4-4dff-411e-a6dd-4106f4e6f2db-265x300.png 265w, https:\/\/posgrado.fcjyp.umss.edu.bo\/wp-content\/uploads\/2025\/10\/dabb81a4-4dff-411e-a6dd-4106f4e6f2db-292x330.png 292w, https:\/\/posgrado.fcjyp.umss.edu.bo\/wp-content\/uploads\/2025\/10\/dabb81a4-4dff-411e-a6dd-4106f4e6f2db-159x180.png 159w\" sizes=\"(max-width: 640px) 100vw, 640px\" \/>\t\t\t\t\t\t\t\t\t\t\t<figcaption class=\"widget-image-caption wp-caption-text\">Lic. Victoria Gareca Fernandez<\/figcaption>\n\t\t\t\t\t\t\t\t\t\t<\/figure>\n\t\t\t\t\t\t\t\t\t<\/div>\n\t\t\t\t<\/div>\n\t\t\t\t<\/div>\n\t\t<div class=\"elementor-element elementor-element-4271de7 e-con-full e-flex e-con e-child\" data-id=\"4271de7\" data-element_type=\"container\">\n\t\t\t\t<\/div>\n\t\t<div class=\"elementor-element elementor-element-b86718d e-con-full e-flex e-con e-child\" data-id=\"b86718d\" data-element_type=\"container\">\n\t\t\t\t<\/div>\n\t\t<div class=\"elementor-element elementor-element-8bc9186 e-con-full e-flex e-con e-child\" data-id=\"8bc9186\" data-element_type=\"container\">\n\t\t\t\t<\/div>\n\t\t\t\t\t<\/div>\n\t\t\t\t<\/div>\n\t\t\t\t<\/div>\n\t\t","protected":false},"excerpt":{"rendered":"<p>Mgr. Gricelda Rosa Nieva Sotelo (Directora a.i. Posgrado FCJyP) MSc. Silvia Encinas (Secretaria Acad\u00e9mica) Lic. Isabel Loza (Contabilidad) T\u00e9c. Sup. Ana Inturias (Secretaria) T\u00e9c. Sup. Marcelo Tarborga (Asistente Administrativo) Max Alberto Cervantes M. (Auxiliar Administrativo)\u200b Trinidad Mu\u00f1oz Pardo (Auxiliar administrativo) Lic. Victoria&#8230;<\/p>\n","protected":false},"author":1,"featured_media":0,"parent":0,"menu_order":0,"comment_status":"closed","ping_status":"closed","template":"full-width.php","meta":{"footnotes":""},"class_list":["post-464","page","type-page","status-publish","hentry"],"_links":{"self":[{"href":"https:\/\/posgrado.fcjyp.umss.edu.bo\/index.php\/wp-json\/wp\/v2\/pages\/464","targetHints":{"allow":["GET"]}}],"collection":[{"href":"https:\/\/posgrado.fcjyp.umss.edu.bo\/index.php\/wp-json\/wp\/v2\/pages"}],"about":[{"href":"https:\/\/posgrado.fcjyp.umss.edu.bo\/index.php\/wp-json\/wp\/v2\/types\/page"}],"author":[{"embeddable":true,"href":"https:\/\/posgrado.fcjyp.umss.edu.bo\/index.php\/wp-json\/wp\/v2\/users\/1"}],"replies":[{"embeddable":true,"href":"https:\/\/posgrado.fcjyp.umss.edu.bo\/index.php\/wp-json\/wp\/v2\/comments?post=464"}],"version-history":[{"count":24,"href":"https:\/\/posgrado.fcjyp.umss.edu.bo\/index.php\/wp-json\/wp\/v2\/pages\/464\/revisions"}],"predecessor-version":[{"id":675,"href":"https:\/\/posgrado.fcjyp.umss.edu.bo\/index.php\/wp-json\/wp\/v2\/pages\/464\/revisions\/675"}],"wp:attachment":[{"href":"https:\/\/posgrado.fcjyp.umss.edu.bo\/index.php\/wp-json\/wp\/v2\/media?parent=464"}],"curies":[{"name":"wp","href":"https:\/\/api.w.org\/{rel}","templated":true}]}}