{"id":59,"date":"2024-09-30T16:55:43","date_gmt":"2024-09-30T16:55:43","guid":{"rendered":"https:\/\/posgrado.fcjyp.umss.edu.bo\/?page_id=59"},"modified":"2024-09-30T16:55:43","modified_gmt":"2024-09-30T16:55:43","slug":"acerca-de-nosotros","status":"publish","type":"page","link":"https:\/\/posgrado.fcjyp.umss.edu.bo\/index.php\/acerca-de-nosotros\/","title":{"rendered":"Acerca de nosotros"},"content":{"rendered":"\n<div class=\"wp-block-group alignfull has-background is-layout-constrained wp-block-group-is-layout-constrained\" style=\"background-color:#f9f9fb;margin-top:0;margin-bottom:0;padding-bottom:80px\">\n<div class=\"wp-block-group alignwide is-content-justification-center is-nowrap is-layout-flex wp-container-core-group-is-layout-23441af8 wp-block-group-is-layout-flex\">\n<div class=\"wp-block-group sp-position-relative spposition-bottom--170 spposition-left--60 is-layout-constrained wp-block-group-is-layout-constrained\">\n<figure class=\"wp-block-image size-full is-resized hide-on-mobile\"><img decoding=\"async\" src=\"http:\/\/demo.sparklewpthemes.com\/educenter\/sparkedu\/wp-content\/uploads\/sites\/20\/2023\/04\/img05.png\" alt=\"\" class=\"wp-image-49\" style=\"width:176px;height:193px\"\/><\/figure>\n<\/div>\n\n\n\n<div class=\"wp-block-group sp-position-relative spposition-left--50 is-layout-constrained wp-container-core-group-is-layout-7b3eb86e wp-block-group-is-layout-constrained\" style=\"padding-right:0;padding-left:0\">\n<div class=\"wp-block-group is-layout-constrained wp-container-core-group-is-layout-1a6b4b74 wp-block-group-is-layout-constrained\" style=\"margin-bottom:30px\">\n<div class=\"wp-block-group is-content-justification-center is-nowrap is-layout-flex wp-container-core-group-is-layout-eff0ac72 wp-block-group-is-layout-flex\">\n<div class=\"wp-block-group hide-on-mobile is-layout-constrained wp-block-group-is-layout-constrained\">\n<hr class=\"wp-block-separator has-text-color has-alpha-channel-opacity has-background hide-on-mobile\" style=\"background-color:#f5812d;color:#f5812d\"\/>\n<\/div>\n\n\n\n<p class=\"has-text-color has-poppins-font-family has-tiny-font-size\" style=\"color:#f5812d\">RESE\u00d1A HIST\u00d3RICA<\/p>\n<\/div>\n\n\n\n<h2 class=\"wp-block-heading has-text-align-center has-poppins-font-family has-slider-title-font-size\" style=\"margin-top:10px;margin-bottom:20px;font-style:normal;font-weight:800\">De los albores de esta magna instituci\u00f3n\u2026<\/h2>\n\n\n\n<p class=\"has-text-align-center has-poppins-font-family has-small-font-size\" style=\"margin-bottom:20px\">El Departamento de Posgrado de la Facultad de Ciencias Jur\u00eddicas y Pol\u00edticas fue creado el 8 de agosto de 1995 mediante Resoluci\u00f3n del Consejo Facultativo Nro. 34\/95, disponiendo la realizaci\u00f3n del curso \u201c\u00c9tica y Formaci\u00f3n del Docente Universitario\u201d que se desarroll\u00f3 del 1 de septiembre al 28 de octubre de 1995. Este curso, dio origen al programa Diplomado en Docencia Universitaria con menci\u00f3n en Ciencias Jur\u00eddicas y Pol\u00edticas, a partir del \u00e9xito del primer programa, ulteriormente el a\u00f1o 1997 se dise\u00f1a y desarrolla el programa\u201d Maestr\u00eda en Docencia Universitaria\u201d.<\/p>\n\n\n\n<p class=\"has-text-align-center has-poppins-font-family has-small-font-size\" style=\"margin-bottom:20px\">A partir de la gesti\u00f3n 2001 se planifica y ejecuta y coordina a trav\u00e9s de la Escuela Universitaria de Posgrado todos los programas acad\u00e9micas de posgrado, la parte administrativa del Departamento de Posgrado de la Facultad de Ciencias Jur\u00eddicas y Pol\u00edticas desde su creaci\u00f3n fue, convirti\u00e9ndose auto sostenible y capaz de generar sus propios recursos, administrados hasta la gesti\u00f3n 2007 por el Departamento de Contabilidad \u2013 UMSS, a partir de la gesti\u00f3n 2008 pasa a ser administrado los recursos econ\u00f3micos por el Departamento de Administraci\u00f3n y Gesti\u00f3n Financiera de la Escuela de Posgrado..<\/p>\n<\/div>\n<\/div>\n<\/div>\n<\/div>\n\n\n\n<div class=\"wp-block-group alignfull sp-position-relative is-layout-constrained wp-block-group-is-layout-constrained\" style=\"margin-top:0;margin-bottom:0\">\n<div class=\"wp-block-cover alignfull is-light\" style=\"padding-top:0rem;padding-bottom:20rem\"><span aria-hidden=\"true\" class=\"wp-block-cover__background has-background-background-color has-background-dim-30 has-background-dim\"><\/span><img fetchpriority=\"high\" decoding=\"async\" width=\"1326\" height=\"885\" class=\"wp-block-cover__image-background wp-image-45\" alt=\"\" src=\"https:\/\/posgrado.fcjyp.umss.edu.bo\/wp-content\/uploads\/2024\/09\/portada2_885.jpg\" data-object-fit=\"cover\" srcset=\"https:\/\/posgrado.fcjyp.umss.edu.bo\/wp-content\/uploads\/2024\/09\/portada2_885.jpg 1326w, https:\/\/posgrado.fcjyp.umss.edu.bo\/wp-content\/uploads\/2024\/09\/portada2_885-300x200.jpg 300w, https:\/\/posgrado.fcjyp.umss.edu.bo\/wp-content\/uploads\/2024\/09\/portada2_885-1024x683.jpg 1024w, https:\/\/posgrado.fcjyp.umss.edu.bo\/wp-content\/uploads\/2024\/09\/portada2_885-768x513.jpg 768w\" sizes=\"(max-width: 1326px) 100vw, 1326px\" \/><div class=\"wp-block-cover__inner-container is-layout-flow wp-block-cover-is-layout-flow\">\n<p><\/p>\n<\/div><\/div>\n<\/div>\n\n\n\n<p><\/p>\n","protected":false},"excerpt":{"rendered":"<p>RESE\u00d1A HIST\u00d3RICA De los albores de esta magna instituci\u00f3n\u2026 El Departamento de Posgrado de la Facultad de Ciencias Jur\u00eddicas y Pol\u00edticas fue creado el 8 de agosto de 1995 mediante Resoluci\u00f3n del Consejo Facultativo Nro. 34\/95, disponiendo la realizaci\u00f3n del curso \u201c\u00c9tica&#8230;<\/p>\n","protected":false},"author":1,"featured_media":0,"parent":0,"menu_order":0,"comment_status":"closed","ping_status":"closed","template":"full-width.php","meta":{"footnotes":""},"class_list":["post-59","page","type-page","status-publish","hentry"],"_links":{"self":[{"href":"https:\/\/posgrado.fcjyp.umss.edu.bo\/index.php\/wp-json\/wp\/v2\/pages\/59","targetHints":{"allow":["GET"]}}],"collection":[{"href":"https:\/\/posgrado.fcjyp.umss.edu.bo\/index.php\/wp-json\/wp\/v2\/pages"}],"about":[{"href":"https:\/\/posgrado.fcjyp.umss.edu.bo\/index.php\/wp-json\/wp\/v2\/types\/page"}],"author":[{"embeddable":true,"href":"https:\/\/posgrado.fcjyp.umss.edu.bo\/index.php\/wp-json\/wp\/v2\/users\/1"}],"replies":[{"embeddable":true,"href":"https:\/\/posgrado.fcjyp.umss.edu.bo\/index.php\/wp-json\/wp\/v2\/comments?post=59"}],"version-history":[{"count":1,"href":"https:\/\/posgrado.fcjyp.umss.edu.bo\/index.php\/wp-json\/wp\/v2\/pages\/59\/revisions"}],"predecessor-version":[{"id":60,"href":"https:\/\/posgrado.fcjyp.umss.edu.bo\/index.php\/wp-json\/wp\/v2\/pages\/59\/revisions\/60"}],"wp:attachment":[{"href":"https:\/\/posgrado.fcjyp.umss.edu.bo\/index.php\/wp-json\/wp\/v2\/media?parent=59"}],"curies":[{"name":"wp","href":"https:\/\/api.w.org\/{rel}","templated":true}]}}